{"id":53,"date":"2021-03-31T14:57:22","date_gmt":"2021-03-31T12:57:22","guid":{"rendered":"http:\/\/julia.komasinski.pl\/?page_id=53"},"modified":"2021-03-31T15:11:46","modified_gmt":"2021-03-31T13:11:46","slug":"o-sheridanie","status":"publish","type":"page","link":"https:\/\/julia.komasinski.pl\/index.php\/o-sheridanie\/","title":{"rendered":"O Sheridanie"},"content":{"rendered":"\n<p>Sheru\u015b <br>rasa Wielkopolska <br>wiek  11 lat<br>wysoko\u015b\u0107 175cm <\/p>\n\n\n\n<figure class=\"wp-block-image size-large is-resized\"><img loading=\"lazy\" decoding=\"async\" src=\"http:\/\/julia.komasinski.pl\/wp-content\/uploads\/2021\/03\/167485274_767874060814403_1877177942789905037_n-549x1024.jpg\" alt=\"\" class=\"wp-image-43\" width=\"181\" height=\"337\" srcset=\"https:\/\/julia.komasinski.pl\/wp-content\/uploads\/2021\/03\/167485274_767874060814403_1877177942789905037_n-549x1024.jpg 549w, https:\/\/julia.komasinski.pl\/wp-content\/uploads\/2021\/03\/167485274_767874060814403_1877177942789905037_n-161x300.jpg 161w, https:\/\/julia.komasinski.pl\/wp-content\/uploads\/2021\/03\/167485274_767874060814403_1877177942789905037_n-768x1434.jpg 768w, https:\/\/julia.komasinski.pl\/wp-content\/uploads\/2021\/03\/167485274_767874060814403_1877177942789905037_n-823x1536.jpg 823w, https:\/\/julia.komasinski.pl\/wp-content\/uploads\/2021\/03\/167485274_767874060814403_1877177942789905037_n-300x560.jpg 300w, https:\/\/julia.komasinski.pl\/wp-content\/uploads\/2021\/03\/167485274_767874060814403_1877177942789905037_n-850x1587.jpg 850w, https:\/\/julia.komasinski.pl\/wp-content\/uploads\/2021\/03\/167485274_767874060814403_1877177942789905037_n.jpg 1080w\" sizes=\"auto, (max-width: 181px) 100vw, 181px\" \/><\/figure>\n\n\n\n<figure class=\"wp-block-image size-large is-resized\"><img decoding=\"async\" src=\"http:\/\/julia.komasinski.pl\/wp-content\/uploads\/2021\/03\/167234406_833891450498652_5777371137586007249_n-edited.jpg\" alt=\"\" class=\"wp-image-64\" width=\"257\" srcset=\"https:\/\/julia.komasinski.pl\/wp-content\/uploads\/2021\/03\/167234406_833891450498652_5777371137586007249_n-edited.jpg 739w, https:\/\/julia.komasinski.pl\/wp-content\/uploads\/2021\/03\/167234406_833891450498652_5777371137586007249_n-edited-300x187.jpg 300w\" sizes=\"(max-width: 739px) 100vw, 739px\" \/><\/figure>\n\n\n\n<p><\/p>\n","protected":false},"excerpt":{"rendered":"<p>Sheru\u015b rasa Wielkopolska wiek 11 latwysoko\u015b\u0107 175cm<\/p>\n","protected":false},"author":1,"featured_media":0,"parent":0,"menu_order":0,"comment_status":"closed","ping_status":"closed","template":"","meta":{"footnotes":""},"class_list":["post-53","page","type-page","status-publish","hentry"],"_links":{"self":[{"href":"https:\/\/julia.komasinski.pl\/index.php\/wp-json\/wp\/v2\/pages\/53","targetHints":{"allow":["GET"]}}],"collection":[{"href":"https:\/\/julia.komasinski.pl\/index.php\/wp-json\/wp\/v2\/pages"}],"about":[{"href":"https:\/\/julia.komasinski.pl\/index.php\/wp-json\/wp\/v2\/types\/page"}],"author":[{"embeddable":true,"href":"https:\/\/julia.komasinski.pl\/index.php\/wp-json\/wp\/v2\/users\/1"}],"replies":[{"embeddable":true,"href":"https:\/\/julia.komasinski.pl\/index.php\/wp-json\/wp\/v2\/comments?post=53"}],"version-history":[{"count":4,"href":"https:\/\/julia.komasinski.pl\/index.php\/wp-json\/wp\/v2\/pages\/53\/revisions"}],"predecessor-version":[{"id":65,"href":"https:\/\/julia.komasinski.pl\/index.php\/wp-json\/wp\/v2\/pages\/53\/revisions\/65"}],"wp:attachment":[{"href":"https:\/\/julia.komasinski.pl\/index.php\/wp-json\/wp\/v2\/media?parent=53"}],"curies":[{"name":"wp","href":"https:\/\/api.w.org\/{rel}","templated":true}]}}